{"id":17320,"date":"2025-02-09T09:23:15","date_gmt":"2025-02-09T09:23:15","guid":{"rendered":"https:\/\/bakkalturkishproducts.com\/?post_type=product&#038;p=17320"},"modified":"2025-09-17T14:58:37","modified_gmt":"2025-09-17T14:58:37","slug":"kremali-tavuk-corbasicreamy-chicken-soup-62g","status":"publish","type":"product","link":"https:\/\/bakkalturkishproducts.com\/index.php\/product\/kremali-tavuk-corbasicreamy-chicken-soup-62g\/","title":{"rendered":"Kremali tavuk corbasi(creamy chicken soup)-62g"},"content":{"rendered":"<p>Warm, creamy, and absolutely delicious!\u00a0 Bizim Mutfak Kremal\u0131 Tavuk \u00c7orbas\u0131 (Creamy Chicken Soup) is the perfect comfort food for cosy days and chilly nights. Made with rich flavours and a smooth, velvety texture, this soup is a must-have for anyone who loves homemade taste with the convenience of an instant mix. Just add hot water, stir, and enjoy the comforting aroma of traditional Turkish flavours in minutes. Whether you&#8217;re looking for a quick meal or a heartwarming appetizer, this creamy chicken soup is sure to hit the spot! Who else loves a steaming bowl of goodness?<\/p>\n","protected":false},"excerpt":{"rendered":"<p>Warm, creamy, and absolutely delicious!\u00a0 Bizim Mutfak Kremal\u0131 Tavuk \u00c7orbas\u0131 (Creamy Chicken Soup) is the perfect comfort food for cosy<\/p>\n","protected":false},"featured_media":17418,"comment_status":"open","ping_status":"closed","template":"","meta":[],"product_brand":[],"product_cat":[181,20],"product_tag":[],"class_list":{"0":"post-17320","1":"product","2":"type-product","3":"status-publish","4":"has-post-thumbnail","6":"product_cat-food-products","7":"product_cat-turkish-products","9":"first","10":"outofstock","11":"taxable","12":"shipping-taxable","13":"purchasable","14":"product-type-simple"},"yoast_head":"<!-- This site is optimized with the Yoast SEO plugin v27.2 - https:\/\/yoast.com\/product\/yoast-seo-wordpress\/ -->\n<title>Kremali tavuk corbasi(creamy chicken soup)-62g - Bakkal Turkish Supermarket in Kenya<\/title>\n<meta name=\"robots\" content=\"index, follow, max-snippet:-1, max-image-preview:large, max-video-preview:-1\" \/>\n<link rel=\"canonical\" href=\"https:\/\/bakkalturkishproducts.com\/index.php\/product\/kremali-tavuk-corbasicreamy-chicken-soup-62g\/\" \/>\n<meta property=\"og:locale\" content=\"en_US\" \/>\n<meta property=\"og:type\" content=\"article\" \/>\n<meta property=\"og:title\" content=\"Kremali tavuk corbasi(creamy chicken soup)-62g - Bakkal Turkish Supermarket in Kenya\" \/>\n<meta property=\"og:description\" content=\"Warm, creamy, and absolutely delicious!\u00a0 Bizim Mutfak Kremal\u0131 Tavuk \u00c7orbas\u0131 (Creamy Chicken Soup) is the perfect comfort food for cosy\" \/>\n<meta property=\"og:url\" content=\"https:\/\/bakkalturkishproducts.com\/index.php\/product\/kremali-tavuk-corbasicreamy-chicken-soup-62g\/\" \/>\n<meta property=\"og:site_name\" content=\"Bakkal Turkish Supermarket in Kenya\" \/>\n<meta property=\"article:publisher\" content=\"https:\/\/www.facebook.com\/bakkalturkishproducts\/\" \/>\n<meta property=\"article:modified_time\" content=\"2025-09-17T14:58:37+00:00\" \/>\n<meta property=\"og:image\" content=\"https:\/\/bakkalturkishproducts.com\/wp-content\/uploads\/2025\/02\/chicken-soup-1.png\" \/>\n\t<meta property=\"og:image:width\" content=\"225\" \/>\n\t<meta property=\"og:image:height\" content=\"225\" \/>\n\t<meta property=\"og:image:type\" content=\"image\/png\" \/>\n<meta name=\"twitter:card\" content=\"summary_large_image\" \/>\n<meta name=\"twitter:label1\" content=\"Est. reading time\" \/>\n\t<meta name=\"twitter:data1\" content=\"1 minute\" \/>\n<script type=\"application\/ld+json\" class=\"yoast-schema-graph\">{\"@context\":\"https:\/\/schema.org\",\"@graph\":[{\"@type\":\"WebPage\",\"@id\":\"https:\/\/bakkalturkishproducts.com\/index.php\/product\/kremali-tavuk-corbasicreamy-chicken-soup-62g\/\",\"url\":\"https:\/\/bakkalturkishproducts.com\/index.php\/product\/kremali-tavuk-corbasicreamy-chicken-soup-62g\/\",\"name\":\"Kremali tavuk corbasi(creamy chicken soup)-62g - Bakkal Turkish Supermarket in Kenya\",\"isPartOf\":{\"@id\":\"https:\/\/bakkalturkishproducts.com\/#website\"},\"primaryImageOfPage\":{\"@id\":\"https:\/\/bakkalturkishproducts.com\/index.php\/product\/kremali-tavuk-corbasicreamy-chicken-soup-62g\/#primaryimage\"},\"image\":{\"@id\":\"https:\/\/bakkalturkishproducts.com\/index.php\/product\/kremali-tavuk-corbasicreamy-chicken-soup-62g\/#primaryimage\"},\"thumbnailUrl\":\"https:\/\/bakkalturkishproducts.com\/wp-content\/uploads\/2025\/02\/chicken-soup-1.png\",\"datePublished\":\"2025-02-09T09:23:15+00:00\",\"dateModified\":\"2025-09-17T14:58:37+00:00\",\"breadcrumb\":{\"@id\":\"https:\/\/bakkalturkishproducts.com\/index.php\/product\/kremali-tavuk-corbasicreamy-chicken-soup-62g\/#breadcrumb\"},\"inLanguage\":\"en-US\",\"potentialAction\":[{\"@type\":\"ReadAction\",\"target\":[\"https:\/\/bakkalturkishproducts.com\/index.php\/product\/kremali-tavuk-corbasicreamy-chicken-soup-62g\/\"]}]},{\"@type\":\"ImageObject\",\"inLanguage\":\"en-US\",\"@id\":\"https:\/\/bakkalturkishproducts.com\/index.php\/product\/kremali-tavuk-corbasicreamy-chicken-soup-62g\/#primaryimage\",\"url\":\"https:\/\/bakkalturkishproducts.com\/wp-content\/uploads\/2025\/02\/chicken-soup-1.png\",\"contentUrl\":\"https:\/\/bakkalturkishproducts.com\/wp-content\/uploads\/2025\/02\/chicken-soup-1.png\",\"width\":225,\"height\":225},{\"@type\":\"BreadcrumbList\",\"@id\":\"https:\/\/bakkalturkishproducts.com\/index.php\/product\/kremali-tavuk-corbasicreamy-chicken-soup-62g\/#breadcrumb\",\"itemListElement\":[{\"@type\":\"ListItem\",\"position\":1,\"name\":\"Home\",\"item\":\"https:\/\/bakkalturkishproducts.com\/\"},{\"@type\":\"ListItem\",\"position\":2,\"name\":\"Shop\",\"item\":\"https:\/\/bakkalturkishproducts.com\/index.php\/shop\/\"},{\"@type\":\"ListItem\",\"position\":3,\"name\":\"Kremali tavuk corbasi(creamy chicken soup)-62g\"}]},{\"@type\":\"WebSite\",\"@id\":\"https:\/\/bakkalturkishproducts.com\/#website\",\"url\":\"https:\/\/bakkalturkishproducts.com\/\",\"name\":\"Bakkal Turkish Market in Kenya\",\"description\":\"\",\"publisher\":{\"@id\":\"https:\/\/bakkalturkishproducts.com\/#organization\"},\"potentialAction\":[{\"@type\":\"SearchAction\",\"target\":{\"@type\":\"EntryPoint\",\"urlTemplate\":\"https:\/\/bakkalturkishproducts.com\/?s={search_term_string}\"},\"query-input\":{\"@type\":\"PropertyValueSpecification\",\"valueRequired\":true,\"valueName\":\"search_term_string\"}}],\"inLanguage\":\"en-US\"},{\"@type\":\"Organization\",\"@id\":\"https:\/\/bakkalturkishproducts.com\/#organization\",\"name\":\"Bakkal Turkish Market in Kenya\",\"url\":\"https:\/\/bakkalturkishproducts.com\/\",\"logo\":{\"@type\":\"ImageObject\",\"inLanguage\":\"en-US\",\"@id\":\"https:\/\/bakkalturkishproducts.com\/#\/schema\/logo\/image\/\",\"url\":\"https:\/\/bakkalturkishproducts.com\/wp-content\/uploads\/2024\/03\/bakkal.png.webp\",\"contentUrl\":\"https:\/\/bakkalturkishproducts.com\/wp-content\/uploads\/2024\/03\/bakkal.png.webp\",\"width\":760,\"height\":203,\"caption\":\"Bakkal Turkish Market in Kenya\"},\"image\":{\"@id\":\"https:\/\/bakkalturkishproducts.com\/#\/schema\/logo\/image\/\"},\"sameAs\":[\"https:\/\/www.facebook.com\/bakkalturkishproducts\/\"]}]}<\/script>\n<!-- \/ Yoast SEO plugin. -->","yoast_head_json":{"title":"Kremali tavuk corbasi(creamy chicken soup)-62g - Bakkal Turkish Supermarket in Kenya","robots":{"index":"index","follow":"follow","max-snippet":"max-snippet:-1","max-image-preview":"max-image-preview:large","max-video-preview":"max-video-preview:-1"},"canonical":"https:\/\/bakkalturkishproducts.com\/index.php\/product\/kremali-tavuk-corbasicreamy-chicken-soup-62g\/","og_locale":"en_US","og_type":"article","og_title":"Kremali tavuk corbasi(creamy chicken soup)-62g - Bakkal Turkish Supermarket in Kenya","og_description":"Warm, creamy, and absolutely delicious!\u00a0 Bizim Mutfak Kremal\u0131 Tavuk \u00c7orbas\u0131 (Creamy Chicken Soup) is the perfect comfort food for cosy","og_url":"https:\/\/bakkalturkishproducts.com\/index.php\/product\/kremali-tavuk-corbasicreamy-chicken-soup-62g\/","og_site_name":"Bakkal Turkish Supermarket in Kenya","article_publisher":"https:\/\/www.facebook.com\/bakkalturkishproducts\/","article_modified_time":"2025-09-17T14:58:37+00:00","og_image":[{"width":225,"height":225,"url":"https:\/\/bakkalturkishproducts.com\/wp-content\/uploads\/2025\/02\/chicken-soup-1.png","type":"image\/png"}],"twitter_card":"summary_large_image","twitter_misc":{"Est. reading time":"1 minute"},"schema":{"@context":"https:\/\/schema.org","@graph":[{"@type":"WebPage","@id":"https:\/\/bakkalturkishproducts.com\/index.php\/product\/kremali-tavuk-corbasicreamy-chicken-soup-62g\/","url":"https:\/\/bakkalturkishproducts.com\/index.php\/product\/kremali-tavuk-corbasicreamy-chicken-soup-62g\/","name":"Kremali tavuk corbasi(creamy chicken soup)-62g - Bakkal Turkish Supermarket in Kenya","isPartOf":{"@id":"https:\/\/bakkalturkishproducts.com\/#website"},"primaryImageOfPage":{"@id":"https:\/\/bakkalturkishproducts.com\/index.php\/product\/kremali-tavuk-corbasicreamy-chicken-soup-62g\/#primaryimage"},"image":{"@id":"https:\/\/bakkalturkishproducts.com\/index.php\/product\/kremali-tavuk-corbasicreamy-chicken-soup-62g\/#primaryimage"},"thumbnailUrl":"https:\/\/bakkalturkishproducts.com\/wp-content\/uploads\/2025\/02\/chicken-soup-1.png","datePublished":"2025-02-09T09:23:15+00:00","dateModified":"2025-09-17T14:58:37+00:00","breadcrumb":{"@id":"https:\/\/bakkalturkishproducts.com\/index.php\/product\/kremali-tavuk-corbasicreamy-chicken-soup-62g\/#breadcrumb"},"inLanguage":"en-US","potentialAction":[{"@type":"ReadAction","target":["https:\/\/bakkalturkishproducts.com\/index.php\/product\/kremali-tavuk-corbasicreamy-chicken-soup-62g\/"]}]},{"@type":"ImageObject","inLanguage":"en-US","@id":"https:\/\/bakkalturkishproducts.com\/index.php\/product\/kremali-tavuk-corbasicreamy-chicken-soup-62g\/#primaryimage","url":"https:\/\/bakkalturkishproducts.com\/wp-content\/uploads\/2025\/02\/chicken-soup-1.png","contentUrl":"https:\/\/bakkalturkishproducts.com\/wp-content\/uploads\/2025\/02\/chicken-soup-1.png","width":225,"height":225},{"@type":"BreadcrumbList","@id":"https:\/\/bakkalturkishproducts.com\/index.php\/product\/kremali-tavuk-corbasicreamy-chicken-soup-62g\/#breadcrumb","itemListElement":[{"@type":"ListItem","position":1,"name":"Home","item":"https:\/\/bakkalturkishproducts.com\/"},{"@type":"ListItem","position":2,"name":"Shop","item":"https:\/\/bakkalturkishproducts.com\/index.php\/shop\/"},{"@type":"ListItem","position":3,"name":"Kremali tavuk corbasi(creamy chicken soup)-62g"}]},{"@type":"WebSite","@id":"https:\/\/bakkalturkishproducts.com\/#website","url":"https:\/\/bakkalturkishproducts.com\/","name":"Bakkal Turkish Market in Kenya","description":"","publisher":{"@id":"https:\/\/bakkalturkishproducts.com\/#organization"},"potentialAction":[{"@type":"SearchAction","target":{"@type":"EntryPoint","urlTemplate":"https:\/\/bakkalturkishproducts.com\/?s={search_term_string}"},"query-input":{"@type":"PropertyValueSpecification","valueRequired":true,"valueName":"search_term_string"}}],"inLanguage":"en-US"},{"@type":"Organization","@id":"https:\/\/bakkalturkishproducts.com\/#organization","name":"Bakkal Turkish Market in Kenya","url":"https:\/\/bakkalturkishproducts.com\/","logo":{"@type":"ImageObject","inLanguage":"en-US","@id":"https:\/\/bakkalturkishproducts.com\/#\/schema\/logo\/image\/","url":"https:\/\/bakkalturkishproducts.com\/wp-content\/uploads\/2024\/03\/bakkal.png.webp","contentUrl":"https:\/\/bakkalturkishproducts.com\/wp-content\/uploads\/2024\/03\/bakkal.png.webp","width":760,"height":203,"caption":"Bakkal Turkish Market in Kenya"},"image":{"@id":"https:\/\/bakkalturkishproducts.com\/#\/schema\/logo\/image\/"},"sameAs":["https:\/\/www.facebook.com\/bakkalturkishproducts\/"]}]}},"jetpack_sharing_enabled":true,"_links":{"self":[{"href":"https:\/\/bakkalturkishproducts.com\/index.php\/wp-json\/wp\/v2\/product\/17320","targetHints":{"allow":["GET"]}}],"collection":[{"href":"https:\/\/bakkalturkishproducts.com\/index.php\/wp-json\/wp\/v2\/product"}],"about":[{"href":"https:\/\/bakkalturkishproducts.com\/index.php\/wp-json\/wp\/v2\/types\/product"}],"replies":[{"embeddable":true,"href":"https:\/\/bakkalturkishproducts.com\/index.php\/wp-json\/wp\/v2\/comments?post=17320"}],"version-history":[{"count":1,"href":"https:\/\/bakkalturkishproducts.com\/index.php\/wp-json\/wp\/v2\/product\/17320\/revisions"}],"predecessor-version":[{"id":17323,"href":"https:\/\/bakkalturkishproducts.com\/index.php\/wp-json\/wp\/v2\/product\/17320\/revisions\/17323"}],"wp:featuredmedia":[{"embeddable":true,"href":"https:\/\/bakkalturkishproducts.com\/index.php\/wp-json\/wp\/v2\/media\/17418"}],"wp:attachment":[{"href":"https:\/\/bakkalturkishproducts.com\/index.php\/wp-json\/wp\/v2\/media?parent=17320"}],"wp:term":[{"taxonomy":"product_brand","embeddable":true,"href":"https:\/\/bakkalturkishproducts.com\/index.php\/wp-json\/wp\/v2\/product_brand?post=17320"},{"taxonomy":"product_cat","embeddable":true,"href":"https:\/\/bakkalturkishproducts.com\/index.php\/wp-json\/wp\/v2\/product_cat?post=17320"},{"taxonomy":"product_tag","embeddable":true,"href":"https:\/\/bakkalturkishproducts.com\/index.php\/wp-json\/wp\/v2\/product_tag?post=17320"}],"curies":[{"name":"wp","href":"https:\/\/api.w.org\/{rel}","templated":true}]}}