{"id":19585,"date":"2025-07-23T10:36:06","date_gmt":"2025-07-23T10:36:06","guid":{"rendered":"https:\/\/bakkalturkishproducts.com\/?post_type=product&#038;p=19585"},"modified":"2025-09-04T12:43:39","modified_gmt":"2025-09-04T12:43:39","slug":"carsibasi-sumak-200g","status":"publish","type":"product","link":"https:\/\/bakkalturkishproducts.com\/index.php\/product\/carsibasi-sumak-200g\/","title":{"rendered":"Carsibasi sumak -200g"},"content":{"rendered":"<p data-start=\"0\" data-end=\"32\">\ud83c\udf3f <strong data-start=\"3\" data-end=\"29\">\u00c7ar\u015f\u0131ba\u015f\u0131 Sumak \u2013 196g<\/strong> \ud83c\udf3f<\/p>\n<p data-start=\"34\" data-end=\"296\">Add a bold burst of flavour to your kitchen with <strong data-start=\"82\" data-end=\"101\">\u00c7ar\u015f\u0131ba\u015f\u0131 Sumak<\/strong> \u2013 a tangy, aromatic spice made from carefully ground sumac berries. This <strong data-start=\"175\" data-end=\"187\">196g jar<\/strong> is filled with a vibrant reddish-purple powder, loved for its zesty, lemon-like taste and earthy undertones.<\/p>\n<p data-start=\"298\" data-end=\"333\">\u2728 <strong data-start=\"300\" data-end=\"331\">Why Choose \u00c7ar\u015f\u0131ba\u015f\u0131 Sumak?<\/strong><\/p>\n<ul data-start=\"334\" data-end=\"1201\">\n<li data-start=\"334\" data-end=\"437\">\n<p data-start=\"336\" data-end=\"437\">\ud83c\udf31 <strong data-start=\"339\" data-end=\"355\">100% Natural<\/strong> \u2013 No artificial additives, preservatives, or fillers \u2013 just pure, ground sumac.<\/p>\n<\/li>\n<li data-start=\"438\" data-end=\"600\">\n<p data-start=\"440\" data-end=\"600\">\ud83c\udf4b <strong data-start=\"443\" data-end=\"461\">Flavour Profile<\/strong> \u2013 Offers a tart, citrusy punch with a slightly fruity and sour note, making it a perfect alternative to lemon or vinegar in your dishes.<\/p>\n<\/li>\n<li data-start=\"601\" data-end=\"901\">\n<p data-start=\"603\" data-end=\"901\">\ud83e\udd57 <strong data-start=\"606\" data-end=\"623\">Culinary Uses<\/strong> \u2013<br data-start=\"625\" data-end=\"628\" \/>\u25aa Sprinkle over grilled meats, fish, and chicken.<br data-start=\"680\" data-end=\"683\" \/>\u25aa Add to salads like fattoush or tabbouleh for that classic tang.<br data-start=\"751\" data-end=\"754\" \/>\u25aa Blend into marinades, dressings, or yoghurt-based dips.<br data-start=\"813\" data-end=\"816\" \/>\u25aa Use as a garnish on hummus, roasted vegetables, or rice for a delicious twist.<\/p>\n<\/li>\n<li data-start=\"902\" data-end=\"1035\">\n<p data-start=\"904\" data-end=\"1035\">\ud83d\udce6 <strong data-start=\"907\" data-end=\"930\">Practical Packaging<\/strong> \u2013 Comes in a sturdy, resealable jar that keeps the sumac fresh, flavorful, and easy to use every time.<\/p>\n<\/li>\n<li data-start=\"1036\" data-end=\"1201\">\n<p data-start=\"1038\" data-end=\"1201\">\ud83e\uddc2 <strong data-start=\"1041\" data-end=\"1060\">Cultural Staple<\/strong> \u2013 A beloved spice in Turkish, Middle Eastern, and Mediterranean kitchens, known for enhancing flavour without overpowering other ingredients.<\/p>\n<\/li>\n<\/ul>\n<p data-start=\"1203\" data-end=\"1368\">\ud83e\uddf4 <strong data-start=\"1206\" data-end=\"1221\">Storage Tip<\/strong>: Store in a cool, dry place away from direct light and heat. Always seal the lid after each use to preserve its intense aroma and tangy freshness.<\/p>\n<p data-start=\"1370\" data-end=\"1493\" data-is-last-node=\"\" data-is-only-node=\"\">Make your meals stand out with the authentic flavour of <strong data-start=\"1425\" data-end=\"1451\">\u00c7ar\u015f\u0131ba\u015f\u0131 Sumak \u2013 196g<\/strong>. A little sprinkle goes a long way! \ud83c\udf7d\ufe0f\ud83c\udf3f<\/p>\n","protected":false},"excerpt":{"rendered":"<p>\ud83c\udf3f \u00c7ar\u015f\u0131ba\u015f\u0131 Sumak \u2013 196g \ud83c\udf3f Add a bold burst of flavour to your kitchen with \u00c7ar\u015f\u0131ba\u015f\u0131 Sumak \u2013 a<\/p>\n","protected":false},"featured_media":19586,"comment_status":"open","ping_status":"closed","template":"","meta":[],"product_brand":[],"product_cat":[181,20],"product_tag":[],"class_list":{"0":"post-19585","1":"product","2":"type-product","3":"status-publish","4":"has-post-thumbnail","6":"product_cat-food-products","7":"product_cat-turkish-products","9":"first","10":"instock","11":"taxable","12":"shipping-taxable","13":"purchasable","14":"product-type-simple"},"yoast_head":"<!-- This site is optimized with the Yoast SEO plugin v27.2 - https:\/\/yoast.com\/product\/yoast-seo-wordpress\/ -->\n<title>Carsibasi sumak -200g - Bakkal Turkish Supermarket in Kenya<\/title>\n<meta name=\"robots\" content=\"index, follow, max-snippet:-1, max-image-preview:large, max-video-preview:-1\" \/>\n<link rel=\"canonical\" href=\"https:\/\/bakkalturkishproducts.com\/index.php\/product\/carsibasi-sumak-200g\/\" \/>\n<meta property=\"og:locale\" content=\"en_US\" \/>\n<meta property=\"og:type\" content=\"article\" \/>\n<meta property=\"og:title\" content=\"Carsibasi sumak -200g - Bakkal Turkish Supermarket in Kenya\" \/>\n<meta property=\"og:description\" content=\"\ud83c\udf3f \u00c7ar\u015f\u0131ba\u015f\u0131 Sumak \u2013 196g \ud83c\udf3f Add a bold burst of flavour to your kitchen with \u00c7ar\u015f\u0131ba\u015f\u0131 Sumak \u2013 a\" \/>\n<meta property=\"og:url\" content=\"https:\/\/bakkalturkishproducts.com\/index.php\/product\/carsibasi-sumak-200g\/\" \/>\n<meta property=\"og:site_name\" content=\"Bakkal Turkish Supermarket in Kenya\" \/>\n<meta property=\"article:publisher\" content=\"https:\/\/www.facebook.com\/bakkalturkishproducts\/\" \/>\n<meta property=\"article:modified_time\" content=\"2025-09-04T12:43:39+00:00\" \/>\n<meta property=\"og:image\" content=\"https:\/\/bakkalturkishproducts.com\/wp-content\/uploads\/2025\/07\/SUMAK-CARSIBASI.png\" \/>\n\t<meta property=\"og:image:width\" content=\"224\" \/>\n\t<meta property=\"og:image:height\" content=\"224\" \/>\n\t<meta property=\"og:image:type\" content=\"image\/png\" \/>\n<meta name=\"twitter:card\" content=\"summary_large_image\" \/>\n<meta name=\"twitter:label1\" content=\"Est. reading time\" \/>\n\t<meta name=\"twitter:data1\" content=\"2 minutes\" \/>\n<script type=\"application\/ld+json\" class=\"yoast-schema-graph\">{\"@context\":\"https:\/\/schema.org\",\"@graph\":[{\"@type\":\"WebPage\",\"@id\":\"https:\/\/bakkalturkishproducts.com\/index.php\/product\/carsibasi-sumak-200g\/\",\"url\":\"https:\/\/bakkalturkishproducts.com\/index.php\/product\/carsibasi-sumak-200g\/\",\"name\":\"Carsibasi sumak -200g - Bakkal Turkish Supermarket in Kenya\",\"isPartOf\":{\"@id\":\"https:\/\/bakkalturkishproducts.com\/#website\"},\"primaryImageOfPage\":{\"@id\":\"https:\/\/bakkalturkishproducts.com\/index.php\/product\/carsibasi-sumak-200g\/#primaryimage\"},\"image\":{\"@id\":\"https:\/\/bakkalturkishproducts.com\/index.php\/product\/carsibasi-sumak-200g\/#primaryimage\"},\"thumbnailUrl\":\"https:\/\/bakkalturkishproducts.com\/wp-content\/uploads\/2025\/07\/SUMAK-CARSIBASI.png\",\"datePublished\":\"2025-07-23T10:36:06+00:00\",\"dateModified\":\"2025-09-04T12:43:39+00:00\",\"breadcrumb\":{\"@id\":\"https:\/\/bakkalturkishproducts.com\/index.php\/product\/carsibasi-sumak-200g\/#breadcrumb\"},\"inLanguage\":\"en-US\",\"potentialAction\":[{\"@type\":\"ReadAction\",\"target\":[\"https:\/\/bakkalturkishproducts.com\/index.php\/product\/carsibasi-sumak-200g\/\"]}]},{\"@type\":\"ImageObject\",\"inLanguage\":\"en-US\",\"@id\":\"https:\/\/bakkalturkishproducts.com\/index.php\/product\/carsibasi-sumak-200g\/#primaryimage\",\"url\":\"https:\/\/bakkalturkishproducts.com\/wp-content\/uploads\/2025\/07\/SUMAK-CARSIBASI.png\",\"contentUrl\":\"https:\/\/bakkalturkishproducts.com\/wp-content\/uploads\/2025\/07\/SUMAK-CARSIBASI.png\",\"width\":224,\"height\":224},{\"@type\":\"BreadcrumbList\",\"@id\":\"https:\/\/bakkalturkishproducts.com\/index.php\/product\/carsibasi-sumak-200g\/#breadcrumb\",\"itemListElement\":[{\"@type\":\"ListItem\",\"position\":1,\"name\":\"Home\",\"item\":\"https:\/\/bakkalturkishproducts.com\/\"},{\"@type\":\"ListItem\",\"position\":2,\"name\":\"Shop\",\"item\":\"https:\/\/bakkalturkishproducts.com\/index.php\/shop\/\"},{\"@type\":\"ListItem\",\"position\":3,\"name\":\"Carsibasi sumak -200g\"}]},{\"@type\":\"WebSite\",\"@id\":\"https:\/\/bakkalturkishproducts.com\/#website\",\"url\":\"https:\/\/bakkalturkishproducts.com\/\",\"name\":\"Bakkal Turkish Market in Kenya\",\"description\":\"\",\"publisher\":{\"@id\":\"https:\/\/bakkalturkishproducts.com\/#organization\"},\"potentialAction\":[{\"@type\":\"SearchAction\",\"target\":{\"@type\":\"EntryPoint\",\"urlTemplate\":\"https:\/\/bakkalturkishproducts.com\/?s={search_term_string}\"},\"query-input\":{\"@type\":\"PropertyValueSpecification\",\"valueRequired\":true,\"valueName\":\"search_term_string\"}}],\"inLanguage\":\"en-US\"},{\"@type\":\"Organization\",\"@id\":\"https:\/\/bakkalturkishproducts.com\/#organization\",\"name\":\"Bakkal Turkish Market in Kenya\",\"url\":\"https:\/\/bakkalturkishproducts.com\/\",\"logo\":{\"@type\":\"ImageObject\",\"inLanguage\":\"en-US\",\"@id\":\"https:\/\/bakkalturkishproducts.com\/#\/schema\/logo\/image\/\",\"url\":\"https:\/\/bakkalturkishproducts.com\/wp-content\/uploads\/2024\/03\/bakkal.png.webp\",\"contentUrl\":\"https:\/\/bakkalturkishproducts.com\/wp-content\/uploads\/2024\/03\/bakkal.png.webp\",\"width\":760,\"height\":203,\"caption\":\"Bakkal Turkish Market in Kenya\"},\"image\":{\"@id\":\"https:\/\/bakkalturkishproducts.com\/#\/schema\/logo\/image\/\"},\"sameAs\":[\"https:\/\/www.facebook.com\/bakkalturkishproducts\/\"]}]}<\/script>\n<!-- \/ Yoast SEO plugin. -->","yoast_head_json":{"title":"Carsibasi sumak -200g - Bakkal Turkish Supermarket in Kenya","robots":{"index":"index","follow":"follow","max-snippet":"max-snippet:-1","max-image-preview":"max-image-preview:large","max-video-preview":"max-video-preview:-1"},"canonical":"https:\/\/bakkalturkishproducts.com\/index.php\/product\/carsibasi-sumak-200g\/","og_locale":"en_US","og_type":"article","og_title":"Carsibasi sumak -200g - Bakkal Turkish Supermarket in Kenya","og_description":"\ud83c\udf3f \u00c7ar\u015f\u0131ba\u015f\u0131 Sumak \u2013 196g \ud83c\udf3f Add a bold burst of flavour to your kitchen with \u00c7ar\u015f\u0131ba\u015f\u0131 Sumak \u2013 a","og_url":"https:\/\/bakkalturkishproducts.com\/index.php\/product\/carsibasi-sumak-200g\/","og_site_name":"Bakkal Turkish Supermarket in Kenya","article_publisher":"https:\/\/www.facebook.com\/bakkalturkishproducts\/","article_modified_time":"2025-09-04T12:43:39+00:00","og_image":[{"width":224,"height":224,"url":"https:\/\/bakkalturkishproducts.com\/wp-content\/uploads\/2025\/07\/SUMAK-CARSIBASI.png","type":"image\/png"}],"twitter_card":"summary_large_image","twitter_misc":{"Est. reading time":"2 minutes"},"schema":{"@context":"https:\/\/schema.org","@graph":[{"@type":"WebPage","@id":"https:\/\/bakkalturkishproducts.com\/index.php\/product\/carsibasi-sumak-200g\/","url":"https:\/\/bakkalturkishproducts.com\/index.php\/product\/carsibasi-sumak-200g\/","name":"Carsibasi sumak -200g - Bakkal Turkish Supermarket in Kenya","isPartOf":{"@id":"https:\/\/bakkalturkishproducts.com\/#website"},"primaryImageOfPage":{"@id":"https:\/\/bakkalturkishproducts.com\/index.php\/product\/carsibasi-sumak-200g\/#primaryimage"},"image":{"@id":"https:\/\/bakkalturkishproducts.com\/index.php\/product\/carsibasi-sumak-200g\/#primaryimage"},"thumbnailUrl":"https:\/\/bakkalturkishproducts.com\/wp-content\/uploads\/2025\/07\/SUMAK-CARSIBASI.png","datePublished":"2025-07-23T10:36:06+00:00","dateModified":"2025-09-04T12:43:39+00:00","breadcrumb":{"@id":"https:\/\/bakkalturkishproducts.com\/index.php\/product\/carsibasi-sumak-200g\/#breadcrumb"},"inLanguage":"en-US","potentialAction":[{"@type":"ReadAction","target":["https:\/\/bakkalturkishproducts.com\/index.php\/product\/carsibasi-sumak-200g\/"]}]},{"@type":"ImageObject","inLanguage":"en-US","@id":"https:\/\/bakkalturkishproducts.com\/index.php\/product\/carsibasi-sumak-200g\/#primaryimage","url":"https:\/\/bakkalturkishproducts.com\/wp-content\/uploads\/2025\/07\/SUMAK-CARSIBASI.png","contentUrl":"https:\/\/bakkalturkishproducts.com\/wp-content\/uploads\/2025\/07\/SUMAK-CARSIBASI.png","width":224,"height":224},{"@type":"BreadcrumbList","@id":"https:\/\/bakkalturkishproducts.com\/index.php\/product\/carsibasi-sumak-200g\/#breadcrumb","itemListElement":[{"@type":"ListItem","position":1,"name":"Home","item":"https:\/\/bakkalturkishproducts.com\/"},{"@type":"ListItem","position":2,"name":"Shop","item":"https:\/\/bakkalturkishproducts.com\/index.php\/shop\/"},{"@type":"ListItem","position":3,"name":"Carsibasi sumak -200g"}]},{"@type":"WebSite","@id":"https:\/\/bakkalturkishproducts.com\/#website","url":"https:\/\/bakkalturkishproducts.com\/","name":"Bakkal Turkish Market in Kenya","description":"","publisher":{"@id":"https:\/\/bakkalturkishproducts.com\/#organization"},"potentialAction":[{"@type":"SearchAction","target":{"@type":"EntryPoint","urlTemplate":"https:\/\/bakkalturkishproducts.com\/?s={search_term_string}"},"query-input":{"@type":"PropertyValueSpecification","valueRequired":true,"valueName":"search_term_string"}}],"inLanguage":"en-US"},{"@type":"Organization","@id":"https:\/\/bakkalturkishproducts.com\/#organization","name":"Bakkal Turkish Market in Kenya","url":"https:\/\/bakkalturkishproducts.com\/","logo":{"@type":"ImageObject","inLanguage":"en-US","@id":"https:\/\/bakkalturkishproducts.com\/#\/schema\/logo\/image\/","url":"https:\/\/bakkalturkishproducts.com\/wp-content\/uploads\/2024\/03\/bakkal.png.webp","contentUrl":"https:\/\/bakkalturkishproducts.com\/wp-content\/uploads\/2024\/03\/bakkal.png.webp","width":760,"height":203,"caption":"Bakkal Turkish Market in Kenya"},"image":{"@id":"https:\/\/bakkalturkishproducts.com\/#\/schema\/logo\/image\/"},"sameAs":["https:\/\/www.facebook.com\/bakkalturkishproducts\/"]}]}},"jetpack_sharing_enabled":true,"_links":{"self":[{"href":"https:\/\/bakkalturkishproducts.com\/index.php\/wp-json\/wp\/v2\/product\/19585","targetHints":{"allow":["GET"]}}],"collection":[{"href":"https:\/\/bakkalturkishproducts.com\/index.php\/wp-json\/wp\/v2\/product"}],"about":[{"href":"https:\/\/bakkalturkishproducts.com\/index.php\/wp-json\/wp\/v2\/types\/product"}],"replies":[{"embeddable":true,"href":"https:\/\/bakkalturkishproducts.com\/index.php\/wp-json\/wp\/v2\/comments?post=19585"}],"version-history":[{"count":2,"href":"https:\/\/bakkalturkishproducts.com\/index.php\/wp-json\/wp\/v2\/product\/19585\/revisions"}],"predecessor-version":[{"id":20128,"href":"https:\/\/bakkalturkishproducts.com\/index.php\/wp-json\/wp\/v2\/product\/19585\/revisions\/20128"}],"wp:featuredmedia":[{"embeddable":true,"href":"https:\/\/bakkalturkishproducts.com\/index.php\/wp-json\/wp\/v2\/media\/19586"}],"wp:attachment":[{"href":"https:\/\/bakkalturkishproducts.com\/index.php\/wp-json\/wp\/v2\/media?parent=19585"}],"wp:term":[{"taxonomy":"product_brand","embeddable":true,"href":"https:\/\/bakkalturkishproducts.com\/index.php\/wp-json\/wp\/v2\/product_brand?post=19585"},{"taxonomy":"product_cat","embeddable":true,"href":"https:\/\/bakkalturkishproducts.com\/index.php\/wp-json\/wp\/v2\/product_cat?post=19585"},{"taxonomy":"product_tag","embeddable":true,"href":"https:\/\/bakkalturkishproducts.com\/index.php\/wp-json\/wp\/v2\/product_tag?post=19585"}],"curies":[{"name":"wp","href":"https:\/\/api.w.org\/{rel}","templated":true}]}}